{"id":2640,"date":"2026-05-08T14:01:24","date_gmt":"2026-05-08T12:01:24","guid":{"rendered":"https:\/\/lobaliving.com\/postavke-kolacica\/"},"modified":"2026-05-13T19:14:48","modified_gmt":"2026-05-13T17:14:48","slug":"postavke-kolacica","status":"publish","type":"page","link":"https:\/\/lobaliving.com\/hr\/postavke-kolacica\/","title":{"rendered":"Postavke kola\u010di\u0107a"},"content":{"rendered":"\n<section class=\"loba-legal-page\" style=\"max-width: 920px;margin: 0 auto;padding: 60px 20px;font-family: inherit;line-height: 1.7;color: #1f2933\">\n\n  <h1 style=\"font-size: 42px;line-height: 1.2;margin-bottom: 10px;color: #111827\">\n  Postavke kola\u010di\u0107a\n  <\/h1>\n\n  <p style=\"font-size: 16px;color: #6b7280;margin-bottom: 36px\">\n  Na ovoj stranici mo\u017eete pregledati i promijeniti svoje postavke privole za upotrebu kola\u010di\u0107a na web stranici LOBA Living.\n  <\/p>\n\n  <div style=\"background: #f8f6f1;border-left: 4px solid #b08a57;padding: 22px 26px;margin: 25px 0 35px\">\n    <p style=\"margin: 0\">\n  Kola\u010di\u0107e koristimo za ispravno funkcioniranje web stranice, pobolj\u0161anje korisni\u010dkog iskustva, analitiku i ogla\u0161avanje, kada je za to dana odgovaraju\u0107a privola.\n    <\/p>\n  <\/div>\n\n  <h2 style=\"font-size: 26px;line-height: 1.3;margin-top: 36px;margin-bottom: 14px;color: #111827\">\n  Upravljanje privolom\n  <\/h2>\n\n  <p>\n  U nastavku mo\u017eete ponovno pregledati ili promijeniti svoje postavke kola\u010di\u0107a.\n  <\/p>\n\n  <div style=\"margin: 30px 0;padding: 24px;border: 1px solid #e5e7eb;border-radius: 14px;background: #ffffff\">\n    <div id=\"cmplz-manage-consent-container-nojavascript\">U\u010ditali ste Politiku kola\u010di\u0107a bez podr\u0161ke za javascript.&nbsp;Na AMP-u mo\u017eete koristiti gumb za upravljanje pristankom na dnu stranice.<\/div><div id=\"cmplz-manage-consent-container\" name=\"cmplz-manage-consent-container\" class=\"cmplz-manage-consent-container\"><\/div>\n  <\/div>\n\n  <p>\n  Vi\u0161e informacija o obradi osobnih podataka dostupno je na stranici \n    <a href=\"https:\/\/lobaliving.com\/hr\/pravila-o-privatnosti\/\" style=\"color: #111827;text-decoration: underline\">Pravilnik o privatnosti<\/a>.\n  <\/p>\n\n  <p>\n  Vi\u0161e informacija o kola\u010di\u0107ima dostupno je na stranici \n    <a href=\"\/pravilnik-o-piskotkih-eu\/\" style=\"color: #111827;text-decoration: underline\">Pravilnik o kola\u010di\u0107ima<\/a>.\n  <\/p>\n\n<\/section>\n","protected":false},"excerpt":{"rendered":"<p>Postavke kola\u010di\u0107a Na ovoj stranici mo\u017eete pregledati i promijeniti svoje postavke privole za upotrebu kola\u010di\u0107a na web stranici LOBA Living. [&hellip;]<\/p>\n","protected":false},"author":1,"featured_media":0,"parent":0,"menu_order":0,"comment_status":"closed","ping_status":"closed","template":"","meta":{"_angie_page":false,"site-sidebar-layout":"default","site-content-layout":"","ast-site-content-layout":"default","site-content-style":"default","site-sidebar-style":"default","ast-global-header-display":"","ast-banner-title-visibility":"","ast-main-header-display":"","ast-hfb-above-header-display":"","ast-hfb-below-header-display":"","ast-hfb-mobile-header-display":"","site-post-title":"","ast-breadcrumbs-content":"","ast-featured-img":"","footer-sml-layout":"","ast-disable-related-posts":"","theme-transparent-header-meta":"","adv-header-id-meta":"","stick-header-meta":"","header-above-stick-meta":"","header-main-stick-meta":"","header-below-stick-meta":"","astra-migrate-meta-layouts":"default","ast-page-background-enabled":"default","ast-page-background-meta":{"desktop":{"background-color":"var(--ast-global-color-5)","background-image":"","background-repeat":"repeat","background-position":"center center","background-size":"auto","background-attachment":"scroll","background-type":"","background-media":"","overlay-type":"","overlay-color":"","overlay-opacity":"","overlay-gradient":""},"tablet":{"background-color":"","background-image":"","background-repeat":"repeat","background-position":"center center","background-size":"auto","background-attachment":"scroll","background-type":"","background-media":"","overlay-type":"","overlay-color":"","overlay-opacity":"","overlay-gradient":""},"mobile":{"background-color":"","background-image":"","background-repeat":"repeat","background-position":"center center","background-size":"auto","background-attachment":"scroll","background-type":"","background-media":"","overlay-type":"","overlay-color":"","overlay-opacity":"","overlay-gradient":""}},"ast-content-background-meta":{"desktop":{"background-color":"var(--ast-global-color-4)","background-image":"","background-repeat":"repeat","background-position":"center center","background-size":"auto","background-attachment":"scroll","background-type":"","background-media":"","overlay-type":"","overlay-color":"","overlay-opacity":"","overlay-gradient":""},"tablet":{"background-color":"var(--ast-global-color-4)","background-image":"","background-repeat":"repeat","background-position":"center center","background-size":"auto","background-attachment":"scroll","background-type":"","background-media":"","overlay-type":"","overlay-color":"","overlay-opacity":"","overlay-gradient":""},"mobile":{"background-color":"var(--ast-global-color-4)","background-image":"","background-repeat":"repeat","background-position":"center center","background-size":"auto","background-attachment":"scroll","background-type":"","background-media":"","overlay-type":"","overlay-color":"","overlay-opacity":"","overlay-gradient":""}},"footnotes":""},"class_list":["post-2640","page","type-page","status-publish","hentry"],"_links":{"self":[{"href":"https:\/\/lobaliving.com\/hr\/wp-json\/wp\/v2\/pages\/2640","targetHints":{"allow":["GET"]}}],"collection":[{"href":"https:\/\/lobaliving.com\/hr\/wp-json\/wp\/v2\/pages"}],"about":[{"href":"https:\/\/lobaliving.com\/hr\/wp-json\/wp\/v2\/types\/page"}],"author":[{"embeddable":true,"href":"https:\/\/lobaliving.com\/hr\/wp-json\/wp\/v2\/users\/1"}],"replies":[{"embeddable":true,"href":"https:\/\/lobaliving.com\/hr\/wp-json\/wp\/v2\/comments?post=2640"}],"version-history":[{"count":2,"href":"https:\/\/lobaliving.com\/hr\/wp-json\/wp\/v2\/pages\/2640\/revisions"}],"predecessor-version":[{"id":2772,"href":"https:\/\/lobaliving.com\/hr\/wp-json\/wp\/v2\/pages\/2640\/revisions\/2772"}],"wp:attachment":[{"href":"https:\/\/lobaliving.com\/hr\/wp-json\/wp\/v2\/media?parent=2640"}],"curies":[{"name":"wp","href":"https:\/\/api.w.org\/{rel}","templated":true}]}}